{"id":1505,"date":"2022-03-16T15:06:28","date_gmt":"2022-03-16T20:06:28","guid":{"rendered":"https:\/\/restaurantjacko.ca\/?page_id=1505"},"modified":"2022-03-16T15:06:31","modified_gmt":"2022-03-16T20:06:31","slug":"1505-2","status":"publish","type":"page","link":"https:\/\/restaurantjacko.ca\/en\/1505-2\/","title":{"rendered":"Serveur"},"content":{"rendered":"<div data-elementor-type=\"wp-page\" data-elementor-id=\"1505\" class=\"elementor elementor-1505\">\n\t\t\t\t\t\t<section class=\"elementor-section elementor-top-section elementor-element elementor-element-5f820fef elementor-section-boxed elementor-section-height-default elementor-section-height-default\" data-id=\"5f820fef\" data-element_type=\"section\" data-e-type=\"section\">\n\t\t\t\t\t\t<div class=\"elementor-container elementor-column-gap-default\">\n\t\t\t\t\t<div class=\"elementor-column elementor-col-100 elementor-top-column elementor-element elementor-element-30937820\" data-id=\"30937820\" data-element_type=\"column\" data-e-type=\"column\">\n\t\t\t<div class=\"elementor-widget-wrap elementor-element-populated\">\n\t\t\t\t\t\t<div class=\"elementor-element elementor-element-207cb976 elementor-align-center elementor-widget elementor-widget-button\" data-id=\"207cb976\" data-element_type=\"widget\" data-e-type=\"widget\" data-widget_type=\"button.default\">\n\t\t\t\t<div class=\"elementor-widget-container\">\n\t\t\t\t\t\t\t\t\t<div class=\"elementor-button-wrapper\">\n\t\t\t\t\t<a class=\"elementor-button elementor-button-link elementor-size-xl\" href=\"#\">\n\t\t\t\t\t\t<span class=\"elementor-button-content-wrapper\">\n\t\t\t\t\t\t\t\t\t<span class=\"elementor-button-text\">SERVEUR<\/span>\n\t\t\t\t\t<\/span>\n\t\t\t\t\t<\/a>\n\t\t\t\t<\/div>\n\t\t\t\t\t\t\t\t<\/div>\n\t\t\t\t<\/div>\n\t\t\t\t\t<\/div>\n\t\t<\/div>\n\t\t\t\t\t<\/div>\n\t\t<\/section>\n\t\t\t\t<section class=\"elementor-section elementor-top-section elementor-element elementor-element-56da3bbd elementor-section-boxed elementor-section-height-default elementor-section-height-default\" data-id=\"56da3bbd\" data-element_type=\"section\" data-e-type=\"section\">\n\t\t\t\t\t\t<div class=\"elementor-container elementor-column-gap-default\">\n\t\t\t\t\t<div class=\"elementor-column elementor-col-100 elementor-top-column elementor-element elementor-element-4da73da\" data-id=\"4da73da\" data-element_type=\"column\" data-e-type=\"column\">\n\t\t\t<div class=\"elementor-widget-wrap elementor-element-populated\">\n\t\t\t\t\t\t<div class=\"elementor-element elementor-element-61aa0f30 elementor-widget elementor-widget-spacer\" data-id=\"61aa0f30\" data-element_type=\"widget\" data-e-type=\"widget\" data-widget_type=\"spacer.default\">\n\t\t\t\t<div class=\"elementor-widget-container\">\n\t\t\t\t\t\t\t<div class=\"elementor-spacer\">\n\t\t\t<div class=\"elementor-spacer-inner\"><\/div>\n\t\t<\/div>\n\t\t\t\t\t\t<\/div>\n\t\t\t\t<\/div>\n\t\t\t\t<div class=\"elementor-element elementor-element-12de9c6e elementor-widget elementor-widget-heading\" data-id=\"12de9c6e\" data-element_type=\"widget\" data-e-type=\"widget\" data-widget_type=\"heading.default\">\n\t\t\t\t<div class=\"elementor-widget-container\">\n\t\t\t\t\t<h3 class=\"elementor-heading-title elementor-size-default\">Nature du travail<\/h3>\t\t\t\t<\/div>\n\t\t\t\t<\/div>\n\t\t\t\t<div class=\"elementor-element elementor-element-23fd9b00 elementor-widget elementor-widget-text-editor\" data-id=\"23fd9b00\" data-element_type=\"widget\" data-e-type=\"widget\" data-widget_type=\"text-editor.default\">\n\t\t\t\t<div class=\"elementor-widget-container\">\n\t\t\t\t\t\t\t\t\t<p>Les serveurs et serveuses acceuillent les clients \u00e0 la porte ou \u00e0 la table tout d\u00e9pendemment du contexte. Ils pr\u00e9sentent le menu, font des suggestions et r\u00e9pondent \u00e0 toutes les questions reli\u00e9e \u00e0 la nourriture ou aux breuvages. Ils prennent les commandes et apporte la nourriture aux tables en s\u2019assurant d\u2019un service courtois et impeccable. Tout compte fait, les serveurs et les serveuses sont souvent responsables d\u2019un exp\u00e9rience en salle \u00e0 manger r\u00e9ussie pour les clients.<\/p>\t\t\t\t\t\t\t\t<\/div>\n\t\t\t\t<\/div>\n\t\t\t\t<div class=\"elementor-element elementor-element-5e37b39c elementor-widget elementor-widget-spacer\" data-id=\"5e37b39c\" data-element_type=\"widget\" data-e-type=\"widget\" data-widget_type=\"spacer.default\">\n\t\t\t\t<div class=\"elementor-widget-container\">\n\t\t\t\t\t\t\t<div class=\"elementor-spacer\">\n\t\t\t<div class=\"elementor-spacer-inner\"><\/div>\n\t\t<\/div>\n\t\t\t\t\t\t<\/div>\n\t\t\t\t<\/div>\n\t\t\t\t<div class=\"elementor-element elementor-element-601e3958 elementor-widget elementor-widget-heading\" data-id=\"601e3958\" data-element_type=\"widget\" data-e-type=\"widget\" data-widget_type=\"heading.default\">\n\t\t\t\t<div class=\"elementor-widget-container\">\n\t\t\t\t\t<h3 class=\"elementor-heading-title elementor-size-default\">Fonctions principales du poste<\/h3>\t\t\t\t<\/div>\n\t\t\t\t<\/div>\n\t\t\t\t<div class=\"elementor-element elementor-element-334cf1cd elementor-widget elementor-widget-text-editor\" data-id=\"334cf1cd\" data-element_type=\"widget\" data-e-type=\"widget\" data-widget_type=\"text-editor.default\">\n\t\t\t\t<div class=\"elementor-widget-container\">\n\t\t\t\t\t\t\t\t\t<ul><li>Avoir une apparence professionnelle\u00a0;<\/li><li>Appliquer les r\u00e8gles d\u2019hygi\u00e8ne et de salubrit\u00e9\u00a0;<\/li><li>Appliquer les r\u00e8gles de s\u00e9curit\u00e9\u00a0;<\/li><\/ul><ul><li>Prendre les r\u00e9servations et accueillir les clients en restaurant ou \u00e0 la table;<\/li><li>Prendre les commandes et les transmettre au personnel de cuisine par le syst\u00e8me POS;<\/li><li>Utiliser les techniques de ventes;<\/li><li>Effectuer la pr\u00e9paration et le service des boissons, vins, alcools et cocktails en respectant les r\u00e8gles protocolaires;<\/li><li>Servir des repas et assurer un service de qualit\u00e9 dans la salle \u00e0 manger tout en respectant les r\u00e8gles protocolaires;<\/li><li>Facturer les repas ou des consommations, encaisser des sommes d&rsquo;argent, balancer les transactions financi\u00e8res de la journ\u00e9e;<\/li><li>Ex\u00e9cuter toutes autres t\u00e2ches demand\u00e9es par le responsable;<\/li><\/ul><p><style>\n<!-- \/* Style Definitions *\/ p.MsoNormal, li.MsoNormal, div.MsoNormal {mso-style-unhide:no; mso-style-qformat:yes; mso-style-parent:\"\"; margin:0cm; mso-pagination:widow-orphan; font-size:12.0pt; font-family:\"Calibri\",sans-serif; mso-ascii-font-family:Calibri; mso-ascii-theme-font:minor-latin; mso-fareast-font-family:Calibri; mso-fareast-theme-font:minor-latin; mso-hansi-font-family:Calibri; mso-hansi-theme-font:minor-latin; mso-bidi-font-family:\"Times New Roman\"; mso-bidi-theme-font:minor-bidi; mso-ansi-language:FR; mso-fareast-language:EN-US; mso-no-proof:yes;} .MsoChpDefault {mso-style-type:export-only; mso-default-props:yes; font-family:\"Calibri\",sans-serif; mso-ascii-font-family:Calibri; mso-ascii-theme-font:minor-latin; mso-fareast-font-family:Calibri; mso-fareast-theme-font:minor-latin; mso-hansi-font-family:Calibri; mso-hansi-theme-font:minor-latin; mso-bidi-font-family:\"Times New Roman\"; mso-bidi-theme-font:minor-bidi; mso-ansi-language:FR; mso-fareast-language:EN-US;} @page WordSection1 {size:612.0pt 792.0pt; margin:72.0pt 90.0pt 72.0pt 90.0pt; mso-header-margin:36.0pt; mso-footer-margin:36.0pt; mso-paper-source:0;} div.WordSection1 {page:WordSection1;} \/* List Definitions *\/ @list l0 {mso-list-id:1437676259; mso-list-type:hybrid; mso-list-template-ids:-426240462 -1194529942 202113027 202113029 202113025 202113027 202113029 202113025 202113027 202113029;} @list l0:level1 {mso-level-number-format:bullet; mso-level-text:\uf0b7; mso-level-tab-stop:none; mso-level-number-position:left; text-indent:-18.0pt; font-family:Symbol; mso-fareast-font-family:Calibri; mso-fareast-theme-font:minor-latin; mso-bidi-font-family:\"Times New Roman\"; mso-bidi-theme-font:minor-bidi;} @list l0:level2 {mso-level-number-format:bullet; mso-level-text:o; mso-level-tab-stop:none; mso-level-number-position:left; text-indent:-18.0pt; font-family:\"Courier New\";} @list l0:level3 {mso-level-number-format:bullet; mso-level-text:\uf0a7; mso-level-tab-stop:none; mso-level-number-position:left; text-indent:-18.0pt; font-family:Wingdings;} @list l0:level4 {mso-level-number-format:bullet; mso-level-text:\uf0b7; mso-level-tab-stop:none; mso-level-number-position:left; text-indent:-18.0pt; font-family:Symbol;} @list l0:level5 {mso-level-number-format:bullet; mso-level-text:o; mso-level-tab-stop:none; mso-level-number-position:left; text-indent:-18.0pt; font-family:\"Courier New\";} @list l0:level6 {mso-level-number-format:bullet; mso-level-text:\uf0a7; mso-level-tab-stop:none; mso-level-number-position:left; text-indent:-18.0pt; font-family:Wingdings;} @list l0:level7 {mso-level-number-format:bullet; mso-level-text:\uf0b7; mso-level-tab-stop:none; mso-level-number-position:left; text-indent:-18.0pt; font-family:Symbol;} @list l0:level8 {mso-level-number-format:bullet; mso-level-text:o; mso-level-tab-stop:none; mso-level-number-position:left; text-indent:-18.0pt; font-family:\"Courier New\";} @list l0:level9 {mso-level-number-format:bullet; mso-level-text:\uf0a7; mso-level-tab-stop:none; mso-level-number-position:left; text-indent:-18.0pt; font-family:Wingdings;} --><br \/><\/style><\/p>\t\t\t\t\t\t\t\t<\/div>\n\t\t\t\t<\/div>\n\t\t\t\t<div class=\"elementor-element elementor-element-441d7348 elementor-widget elementor-widget-spacer\" data-id=\"441d7348\" data-element_type=\"widget\" data-e-type=\"widget\" data-widget_type=\"spacer.default\">\n\t\t\t\t<div class=\"elementor-widget-container\">\n\t\t\t\t\t\t\t<div class=\"elementor-spacer\">\n\t\t\t<div class=\"elementor-spacer-inner\"><\/div>\n\t\t<\/div>\n\t\t\t\t\t\t<\/div>\n\t\t\t\t<\/div>\n\t\t\t\t<div class=\"elementor-element elementor-element-33e16594 elementor-widget elementor-widget-heading\" data-id=\"33e16594\" data-element_type=\"widget\" data-e-type=\"widget\" data-widget_type=\"heading.default\">\n\t\t\t\t<div class=\"elementor-widget-container\">\n\t\t\t\t\t<h3 class=\"elementor-heading-title elementor-size-default\">Comp\u00e9tences et qualit\u00e9s recherch\u00e9es<\/h3>\t\t\t\t<\/div>\n\t\t\t\t<\/div>\n\t\t\t\t<div class=\"elementor-element elementor-element-53079b66 elementor-widget elementor-widget-text-editor\" data-id=\"53079b66\" data-element_type=\"widget\" data-e-type=\"widget\" data-widget_type=\"text-editor.default\">\n\t\t\t\t<div class=\"elementor-widget-container\">\n\t\t\t\t\t\t\t\t\t<ul>\n<li>Une exp\u00e9rience dans la restauration peut aider&nbsp;;<\/li>\n<li>L&rsquo;entregent, l&rsquo;aisance dans les contacts, l&rsquo;esprit d&rsquo;\u00e9quipe, le sens de la collaboration, la capacit\u00e9 d&rsquo;adaptation \u00e0 une situation;<\/li>\n<li>la qualit\u00e9 de la communication orale et l&rsquo;\u00e9coute;<\/li>\n<li>La pr\u00e9sentation personnelle, la confiance en soi, l&rsquo;int\u00e9grit\u00e9, la r\u00e9sistance au stress, le dynamisme et l&rsquo;autonomie;<\/li>\n<\/ul>\t\t\t\t\t\t\t\t<\/div>\n\t\t\t\t<\/div>\n\t\t\t\t\t<\/div>\n\t\t<\/div>\n\t\t\t\t\t<\/div>\n\t\t<\/section>\n\t\t\t\t<\/div>","protected":false},"excerpt":{"rendered":"<p>SERVEUR Nature du travail Les serveurs et serveuses acceuillent les clients \u00e0 la porte ou \u00e0 la table tout d\u00e9pendemment du contexte. [&hellip;]<\/p>\n","protected":false},"author":4,"featured_media":0,"parent":0,"menu_order":0,"comment_status":"closed","ping_status":"closed","template":"elementor_header_footer","meta":{"_exactmetrics_skip_tracking":false,"_exactmetrics_sitenote_active":false,"_exactmetrics_sitenote_note":"","_exactmetrics_sitenote_category":0,"footnotes":""},"class_list":["post-1505","page","type-page","status-publish","hentry"],"yoast_head":"<!-- This site is optimized with the Yoast SEO plugin v27.5 - https:\/\/yoast.com\/product\/yoast-seo-wordpress\/ -->\n<title>Serveur - Restaurant Jack&#039;O<\/title>\n<meta name=\"robots\" content=\"index, follow, max-snippet:-1, max-image-preview:large, max-video-preview:-1\" \/>\n<link rel=\"canonical\" href=\"https:\/\/zn3.23a.myftpupload.com\/1505-2\/\" \/>\n<meta property=\"og:locale\" content=\"en_US\" \/>\n<meta property=\"og:type\" content=\"article\" \/>\n<meta property=\"og:title\" content=\"Serveur - Restaurant Jack&#039;O\" \/>\n<meta property=\"og:description\" content=\"SERVEUR Nature du travail Les serveurs et serveuses acceuillent les clients \u00e0 la porte ou \u00e0 la table tout d\u00e9pendemment du contexte. [&hellip;]\" \/>\n<meta property=\"og:url\" content=\"https:\/\/zn3.23a.myftpupload.com\/1505-2\/\" \/>\n<meta property=\"og:site_name\" content=\"Restaurant Jack&#039;O\" \/>\n<meta property=\"article:publisher\" content=\"https:\/\/www.facebook.com\/restaurantsjacko\/\" \/>\n<meta property=\"article:modified_time\" content=\"2022-03-16T20:06:31+00:00\" \/>\n<meta name=\"twitter:card\" content=\"summary_large_image\" \/>\n<meta name=\"twitter:label1\" content=\"Est. reading time\" \/>\n\t<meta name=\"twitter:data1\" content=\"2 minutes\" \/>\n<script type=\"application\/ld+json\" class=\"yoast-schema-graph\">{\"@context\":\"https:\\\/\\\/schema.org\",\"@graph\":[{\"@type\":\"WebPage\",\"@id\":\"https:\\\/\\\/zn3.23a.myftpupload.com\\\/1505-2\\\/\",\"url\":\"https:\\\/\\\/zn3.23a.myftpupload.com\\\/1505-2\\\/\",\"name\":\"Serveur - Restaurant Jack&#039;O\",\"isPartOf\":{\"@id\":\"https:\\\/\\\/zn3.23a.myftpupload.com\\\/#website\"},\"datePublished\":\"2022-03-16T20:06:28+00:00\",\"dateModified\":\"2022-03-16T20:06:31+00:00\",\"breadcrumb\":{\"@id\":\"https:\\\/\\\/zn3.23a.myftpupload.com\\\/1505-2\\\/#breadcrumb\"},\"inLanguage\":\"en-US\",\"potentialAction\":[{\"@type\":\"ReadAction\",\"target\":[\"https:\\\/\\\/zn3.23a.myftpupload.com\\\/1505-2\\\/\"]}]},{\"@type\":\"BreadcrumbList\",\"@id\":\"https:\\\/\\\/zn3.23a.myftpupload.com\\\/1505-2\\\/#breadcrumb\",\"itemListElement\":[{\"@type\":\"ListItem\",\"position\":1,\"name\":\"Accueil\",\"item\":\"https:\\\/\\\/restaurantjacko.ca\\\/\"},{\"@type\":\"ListItem\",\"position\":2,\"name\":\"Serveur\"}]},{\"@type\":\"WebSite\",\"@id\":\"https:\\\/\\\/zn3.23a.myftpupload.com\\\/#website\",\"url\":\"https:\\\/\\\/zn3.23a.myftpupload.com\\\/\",\"name\":\"Restaurant Jack'O\",\"description\":\"\u00c0 mon go\u00fbt!\",\"publisher\":{\"@id\":\"https:\\\/\\\/zn3.23a.myftpupload.com\\\/#organization\"},\"potentialAction\":[{\"@type\":\"SearchAction\",\"target\":{\"@type\":\"EntryPoint\",\"urlTemplate\":\"https:\\\/\\\/zn3.23a.myftpupload.com\\\/?s={search_term_string}\"},\"query-input\":{\"@type\":\"PropertyValueSpecification\",\"valueRequired\":true,\"valueName\":\"search_term_string\"}}],\"inLanguage\":\"en-US\"},{\"@type\":\"Organization\",\"@id\":\"https:\\\/\\\/zn3.23a.myftpupload.com\\\/#organization\",\"name\":\"Restaurant Jack'O\",\"url\":\"https:\\\/\\\/zn3.23a.myftpupload.com\\\/\",\"logo\":{\"@type\":\"ImageObject\",\"inLanguage\":\"en-US\",\"@id\":\"https:\\\/\\\/zn3.23a.myftpupload.com\\\/#\\\/schema\\\/logo\\\/image\\\/\",\"url\":\"https:\\\/\\\/restaurantjacko.ca\\\/wp-content\\\/uploads\\\/2019\\\/03\\\/JackO_logo_noir.png\",\"contentUrl\":\"https:\\\/\\\/restaurantjacko.ca\\\/wp-content\\\/uploads\\\/2019\\\/03\\\/JackO_logo_noir.png\",\"width\":2267,\"height\":1767,\"caption\":\"Restaurant Jack'O\"},\"image\":{\"@id\":\"https:\\\/\\\/zn3.23a.myftpupload.com\\\/#\\\/schema\\\/logo\\\/image\\\/\"},\"sameAs\":[\"https:\\\/\\\/www.facebook.com\\\/restaurantsjacko\\\/\",\"https:\\\/\\\/www.instagram.com\\\/restaurantjacko\\\/\"]}]}<\/script>\n<!-- \/ Yoast SEO plugin. -->","yoast_head_json":{"title":"Serveur - Restaurant Jack&#039;O","robots":{"index":"index","follow":"follow","max-snippet":"max-snippet:-1","max-image-preview":"max-image-preview:large","max-video-preview":"max-video-preview:-1"},"canonical":"https:\/\/zn3.23a.myftpupload.com\/1505-2\/","og_locale":"en_US","og_type":"article","og_title":"Serveur - Restaurant Jack&#039;O","og_description":"SERVEUR Nature du travail Les serveurs et serveuses acceuillent les clients \u00e0 la porte ou \u00e0 la table tout d\u00e9pendemment du contexte. [&hellip;]","og_url":"https:\/\/zn3.23a.myftpupload.com\/1505-2\/","og_site_name":"Restaurant Jack&#039;O","article_publisher":"https:\/\/www.facebook.com\/restaurantsjacko\/","article_modified_time":"2022-03-16T20:06:31+00:00","twitter_card":"summary_large_image","twitter_misc":{"Est. reading time":"2 minutes"},"schema":{"@context":"https:\/\/schema.org","@graph":[{"@type":"WebPage","@id":"https:\/\/zn3.23a.myftpupload.com\/1505-2\/","url":"https:\/\/zn3.23a.myftpupload.com\/1505-2\/","name":"Serveur - Restaurant Jack&#039;O","isPartOf":{"@id":"https:\/\/zn3.23a.myftpupload.com\/#website"},"datePublished":"2022-03-16T20:06:28+00:00","dateModified":"2022-03-16T20:06:31+00:00","breadcrumb":{"@id":"https:\/\/zn3.23a.myftpupload.com\/1505-2\/#breadcrumb"},"inLanguage":"en-US","potentialAction":[{"@type":"ReadAction","target":["https:\/\/zn3.23a.myftpupload.com\/1505-2\/"]}]},{"@type":"BreadcrumbList","@id":"https:\/\/zn3.23a.myftpupload.com\/1505-2\/#breadcrumb","itemListElement":[{"@type":"ListItem","position":1,"name":"Accueil","item":"https:\/\/restaurantjacko.ca\/"},{"@type":"ListItem","position":2,"name":"Serveur"}]},{"@type":"WebSite","@id":"https:\/\/zn3.23a.myftpupload.com\/#website","url":"https:\/\/zn3.23a.myftpupload.com\/","name":"Restaurant Jack'O","description":"\u00c0 mon go\u00fbt!","publisher":{"@id":"https:\/\/zn3.23a.myftpupload.com\/#organization"},"potentialAction":[{"@type":"SearchAction","target":{"@type":"EntryPoint","urlTemplate":"https:\/\/zn3.23a.myftpupload.com\/?s={search_term_string}"},"query-input":{"@type":"PropertyValueSpecification","valueRequired":true,"valueName":"search_term_string"}}],"inLanguage":"en-US"},{"@type":"Organization","@id":"https:\/\/zn3.23a.myftpupload.com\/#organization","name":"Restaurant Jack'O","url":"https:\/\/zn3.23a.myftpupload.com\/","logo":{"@type":"ImageObject","inLanguage":"en-US","@id":"https:\/\/zn3.23a.myftpupload.com\/#\/schema\/logo\/image\/","url":"https:\/\/restaurantjacko.ca\/wp-content\/uploads\/2019\/03\/JackO_logo_noir.png","contentUrl":"https:\/\/restaurantjacko.ca\/wp-content\/uploads\/2019\/03\/JackO_logo_noir.png","width":2267,"height":1767,"caption":"Restaurant Jack'O"},"image":{"@id":"https:\/\/zn3.23a.myftpupload.com\/#\/schema\/logo\/image\/"},"sameAs":["https:\/\/www.facebook.com\/restaurantsjacko\/","https:\/\/www.instagram.com\/restaurantjacko\/"]}]}},"_links":{"self":[{"href":"https:\/\/restaurantjacko.ca\/en\/wp-json\/wp\/v2\/pages\/1505","targetHints":{"allow":["GET"]}}],"collection":[{"href":"https:\/\/restaurantjacko.ca\/en\/wp-json\/wp\/v2\/pages"}],"about":[{"href":"https:\/\/restaurantjacko.ca\/en\/wp-json\/wp\/v2\/types\/page"}],"author":[{"embeddable":true,"href":"https:\/\/restaurantjacko.ca\/en\/wp-json\/wp\/v2\/users\/4"}],"replies":[{"embeddable":true,"href":"https:\/\/restaurantjacko.ca\/en\/wp-json\/wp\/v2\/comments?post=1505"}],"version-history":[{"count":16,"href":"https:\/\/restaurantjacko.ca\/en\/wp-json\/wp\/v2\/pages\/1505\/revisions"}],"predecessor-version":[{"id":1717,"href":"https:\/\/restaurantjacko.ca\/en\/wp-json\/wp\/v2\/pages\/1505\/revisions\/1717"}],"wp:attachment":[{"href":"https:\/\/restaurantjacko.ca\/en\/wp-json\/wp\/v2\/media?parent=1505"}],"curies":[{"name":"wp","href":"https:\/\/api.w.org\/{rel}","templated":true}]}}