{"id":1521,"date":"2022-02-08T15:37:24","date_gmt":"2022-02-08T20:37:24","guid":{"rendered":"https:\/\/restaurantjacko.ca\/?page_id=1521"},"modified":"2022-03-16T14:50:03","modified_gmt":"2022-03-16T19:50:03","slug":"plongeur","status":"publish","type":"page","link":"https:\/\/restaurantjacko.ca\/en\/plongeur\/","title":{"rendered":"Plongeur"},"content":{"rendered":"<div data-elementor-type=\"wp-page\" data-elementor-id=\"1521\" class=\"elementor elementor-1521\">\n\t\t\t\t\t\t<section class=\"elementor-section elementor-top-section elementor-element elementor-element-5dbad363 elementor-section-boxed elementor-section-height-default elementor-section-height-default\" data-id=\"5dbad363\" data-element_type=\"section\" data-e-type=\"section\">\n\t\t\t\t\t\t<div class=\"elementor-container elementor-column-gap-default\">\n\t\t\t\t\t<div class=\"elementor-column elementor-col-100 elementor-top-column elementor-element elementor-element-5a01affa\" data-id=\"5a01affa\" data-element_type=\"column\" data-e-type=\"column\">\n\t\t\t<div class=\"elementor-widget-wrap elementor-element-populated\">\n\t\t\t\t\t\t<div class=\"elementor-element elementor-element-6702a212 elementor-align-center elementor-widget elementor-widget-button\" data-id=\"6702a212\" data-element_type=\"widget\" data-e-type=\"widget\" data-widget_type=\"button.default\">\n\t\t\t\t<div class=\"elementor-widget-container\">\n\t\t\t\t\t\t\t\t\t<div class=\"elementor-button-wrapper\">\n\t\t\t\t\t<a class=\"elementor-button elementor-button-link elementor-size-xl\" href=\"#\">\n\t\t\t\t\t\t<span class=\"elementor-button-content-wrapper\">\n\t\t\t\t\t\t\t\t\t<span class=\"elementor-button-text\">PLONGEUR<\/span>\n\t\t\t\t\t<\/span>\n\t\t\t\t\t<\/a>\n\t\t\t\t<\/div>\n\t\t\t\t\t\t\t\t<\/div>\n\t\t\t\t<\/div>\n\t\t\t\t\t<\/div>\n\t\t<\/div>\n\t\t\t\t\t<\/div>\n\t\t<\/section>\n\t\t\t\t<section class=\"elementor-section elementor-top-section elementor-element elementor-element-4d9a27d6 elementor-section-boxed elementor-section-height-default elementor-section-height-default\" data-id=\"4d9a27d6\" data-element_type=\"section\" data-e-type=\"section\">\n\t\t\t\t\t\t<div class=\"elementor-container elementor-column-gap-default\">\n\t\t\t\t\t<div class=\"elementor-column elementor-col-100 elementor-top-column elementor-element elementor-element-6c6173ae\" data-id=\"6c6173ae\" data-element_type=\"column\" data-e-type=\"column\">\n\t\t\t<div class=\"elementor-widget-wrap elementor-element-populated\">\n\t\t\t\t\t\t<div class=\"elementor-element elementor-element-4e0ee7c3 elementor-widget elementor-widget-spacer\" data-id=\"4e0ee7c3\" data-element_type=\"widget\" data-e-type=\"widget\" data-widget_type=\"spacer.default\">\n\t\t\t\t<div class=\"elementor-widget-container\">\n\t\t\t\t\t\t\t<div class=\"elementor-spacer\">\n\t\t\t<div class=\"elementor-spacer-inner\"><\/div>\n\t\t<\/div>\n\t\t\t\t\t\t<\/div>\n\t\t\t\t<\/div>\n\t\t\t\t<div class=\"elementor-element elementor-element-516e2d08 elementor-widget elementor-widget-heading\" data-id=\"516e2d08\" data-element_type=\"widget\" data-e-type=\"widget\" data-widget_type=\"heading.default\">\n\t\t\t\t<div class=\"elementor-widget-container\">\n\t\t\t\t\t<h3 class=\"elementor-heading-title elementor-size-default\">Nature du travail<\/h3>\t\t\t\t<\/div>\n\t\t\t\t<\/div>\n\t\t\t\t<div class=\"elementor-element elementor-element-30a15716 elementor-widget elementor-widget-text-editor\" data-id=\"30a15716\" data-element_type=\"widget\" data-e-type=\"widget\" data-widget_type=\"text-editor.default\">\n\t\t\t\t<div class=\"elementor-widget-container\">\n\t\t\t\t\t\t\t\t\t<p>Les plongeurs nettoient les postes de travail, lavent la vaisselle et ex\u00e9cutent diverses t\u00e2ches pour aider les autres employ\u00e9s charg\u00e9s de servir et de pr\u00e9parer les aliments et les boissons.<\/p>\t\t\t\t\t\t\t\t<\/div>\n\t\t\t\t<\/div>\n\t\t\t\t<div class=\"elementor-element elementor-element-707676e8 elementor-widget elementor-widget-spacer\" data-id=\"707676e8\" data-element_type=\"widget\" data-e-type=\"widget\" data-widget_type=\"spacer.default\">\n\t\t\t\t<div class=\"elementor-widget-container\">\n\t\t\t\t\t\t\t<div class=\"elementor-spacer\">\n\t\t\t<div class=\"elementor-spacer-inner\"><\/div>\n\t\t<\/div>\n\t\t\t\t\t\t<\/div>\n\t\t\t\t<\/div>\n\t\t\t\t<div class=\"elementor-element elementor-element-675f0e32 elementor-widget elementor-widget-heading\" data-id=\"675f0e32\" data-element_type=\"widget\" data-e-type=\"widget\" data-widget_type=\"heading.default\">\n\t\t\t\t<div class=\"elementor-widget-container\">\n\t\t\t\t\t<h3 class=\"elementor-heading-title elementor-size-default\">Fonctions principales du poste<\/h3>\t\t\t\t<\/div>\n\t\t\t\t<\/div>\n\t\t\t\t<div class=\"elementor-element elementor-element-1b17f772 elementor-widget elementor-widget-text-editor\" data-id=\"1b17f772\" data-element_type=\"widget\" data-e-type=\"widget\" data-widget_type=\"text-editor.default\">\n\t\t\t\t<div class=\"elementor-widget-container\">\n\t\t\t\t\t\t\t\t\t<ul><li>Appliquer les r\u00e8gles d&rsquo;hygi\u00e8ne et de salubrit\u00e9.<\/li><li>Appliquer les r\u00e8gles de s\u00e9curit\u00e9.<\/li><li>S&rsquo;assurer de la propret\u00e9 constante de son poste de travail.<\/li><li>Organiser efficacement son poste de travail et son travail.<\/li><li>Laver la vaisselle, les verres, les ustensiles, les marmites et les casseroles \u00e0 l&rsquo;aide d&rsquo;un lave-vaisselle.<\/li><li>Ranger la vaisselle.<\/li><li>Transporter la vaisselle propre, les ustensiles et autres objets aux aires de service.<\/li><\/ul><ul><li>Ex\u00e9cuter toutes autres t\u00e2ches demand\u00e9es par le responsable.<\/li><\/ul><p><style>\n<!-- \/* Style Definitions *\/ p.MsoNormal, li.MsoNormal, div.MsoNormal {mso-style-unhide:no; mso-style-qformat:yes; mso-style-parent:\"\"; margin:0cm; mso-pagination:widow-orphan; font-size:12.0pt; font-family:\"Calibri\",sans-serif; mso-ascii-font-family:Calibri; mso-ascii-theme-font:minor-latin; mso-fareast-font-family:Calibri; mso-fareast-theme-font:minor-latin; mso-hansi-font-family:Calibri; mso-hansi-theme-font:minor-latin; mso-bidi-font-family:\"Times New Roman\"; mso-bidi-theme-font:minor-bidi; mso-ansi-language:FR; mso-fareast-language:EN-US; mso-no-proof:yes;} .MsoChpDefault {mso-style-type:export-only; mso-default-props:yes; font-family:\"Calibri\",sans-serif; mso-ascii-font-family:Calibri; mso-ascii-theme-font:minor-latin; mso-fareast-font-family:Calibri; mso-fareast-theme-font:minor-latin; mso-hansi-font-family:Calibri; mso-hansi-theme-font:minor-latin; mso-bidi-font-family:\"Times New Roman\"; mso-bidi-theme-font:minor-bidi; mso-ansi-language:FR; mso-fareast-language:EN-US;} @page WordSection1 {size:612.0pt 792.0pt; margin:72.0pt 90.0pt 72.0pt 90.0pt; mso-header-margin:36.0pt; mso-footer-margin:36.0pt; mso-paper-source:0;} div.WordSection1 {page:WordSection1;} \/* List Definitions *\/ @list l0 {mso-list-id:1437676259; mso-list-type:hybrid; mso-list-template-ids:-426240462 -1194529942 202113027 202113029 202113025 202113027 202113029 202113025 202113027 202113029;} @list l0:level1 {mso-level-number-format:bullet; mso-level-text:\uf0b7; mso-level-tab-stop:none; mso-level-number-position:left; text-indent:-18.0pt; font-family:Symbol; mso-fareast-font-family:Calibri; mso-fareast-theme-font:minor-latin; mso-bidi-font-family:\"Times New Roman\"; mso-bidi-theme-font:minor-bidi;} @list l0:level2 {mso-level-number-format:bullet; mso-level-text:o; mso-level-tab-stop:none; mso-level-number-position:left; text-indent:-18.0pt; font-family:\"Courier New\";} @list l0:level3 {mso-level-number-format:bullet; mso-level-text:\uf0a7; mso-level-tab-stop:none; mso-level-number-position:left; text-indent:-18.0pt; font-family:Wingdings;} @list l0:level4 {mso-level-number-format:bullet; mso-level-text:\uf0b7; mso-level-tab-stop:none; mso-level-number-position:left; text-indent:-18.0pt; font-family:Symbol;} @list l0:level5 {mso-level-number-format:bullet; mso-level-text:o; mso-level-tab-stop:none; mso-level-number-position:left; text-indent:-18.0pt; font-family:\"Courier New\";} @list l0:level6 {mso-level-number-format:bullet; mso-level-text:\uf0a7; mso-level-tab-stop:none; mso-level-number-position:left; text-indent:-18.0pt; font-family:Wingdings;} @list l0:level7 {mso-level-number-format:bullet; mso-level-text:\uf0b7; mso-level-tab-stop:none; mso-level-number-position:left; text-indent:-18.0pt; font-family:Symbol;} @list l0:level8 {mso-level-number-format:bullet; mso-level-text:o; mso-level-tab-stop:none; mso-level-number-position:left; text-indent:-18.0pt; font-family:\"Courier New\";} @list l0:level9 {mso-level-number-format:bullet; mso-level-text:\uf0a7; mso-level-tab-stop:none; mso-level-number-position:left; text-indent:-18.0pt; font-family:Wingdings;} --><br \/><\/style><\/p>\t\t\t\t\t\t\t\t<\/div>\n\t\t\t\t<\/div>\n\t\t\t\t<div class=\"elementor-element elementor-element-991a213 elementor-widget elementor-widget-spacer\" data-id=\"991a213\" data-element_type=\"widget\" data-e-type=\"widget\" data-widget_type=\"spacer.default\">\n\t\t\t\t<div class=\"elementor-widget-container\">\n\t\t\t\t\t\t\t<div class=\"elementor-spacer\">\n\t\t\t<div class=\"elementor-spacer-inner\"><\/div>\n\t\t<\/div>\n\t\t\t\t\t\t<\/div>\n\t\t\t\t<\/div>\n\t\t\t\t<div class=\"elementor-element elementor-element-3cf5f6b4 elementor-widget elementor-widget-heading\" data-id=\"3cf5f6b4\" data-element_type=\"widget\" data-e-type=\"widget\" data-widget_type=\"heading.default\">\n\t\t\t\t<div class=\"elementor-widget-container\">\n\t\t\t\t\t<h3 class=\"elementor-heading-title elementor-size-default\">Comp\u00e9tences et qualit\u00e9s recherch\u00e9es<\/h3>\t\t\t\t<\/div>\n\t\t\t\t<\/div>\n\t\t\t\t<div class=\"elementor-element elementor-element-76745b0c elementor-widget elementor-widget-text-editor\" data-id=\"76745b0c\" data-element_type=\"widget\" data-e-type=\"widget\" data-widget_type=\"text-editor.default\">\n\t\t\t\t<div class=\"elementor-widget-container\">\n\t\t\t\t\t\t\t\t\t<ul><li>La capacit\u00e9 de suivre le rythme de production.<\/li><\/ul>\t\t\t\t\t\t\t\t<\/div>\n\t\t\t\t<\/div>\n\t\t\t\t\t<\/div>\n\t\t<\/div>\n\t\t\t\t\t<\/div>\n\t\t<\/section>\n\t\t\t\t<\/div>","protected":false},"excerpt":{"rendered":"<p>PLONGEUR Nature du travail Les plongeurs nettoient les postes de travail, lavent la vaisselle et ex\u00e9cutent diverses t\u00e2ches pour aider les autres [&hellip;]<\/p>\n","protected":false},"author":4,"featured_media":0,"parent":0,"menu_order":0,"comment_status":"closed","ping_status":"closed","template":"elementor_header_footer","meta":{"_exactmetrics_skip_tracking":false,"_exactmetrics_sitenote_active":false,"_exactmetrics_sitenote_note":"","_exactmetrics_sitenote_category":0,"footnotes":""},"class_list":["post-1521","page","type-page","status-publish","hentry"],"yoast_head":"<!-- This site is optimized with the Yoast SEO plugin v27.5 - https:\/\/yoast.com\/product\/yoast-seo-wordpress\/ -->\n<title>Plongeur - Restaurant Jack&#039;O<\/title>\n<meta name=\"robots\" content=\"index, follow, max-snippet:-1, max-image-preview:large, max-video-preview:-1\" \/>\n<link rel=\"canonical\" href=\"https:\/\/zn3.23a.myftpupload.com\/plongeur\/\" \/>\n<meta property=\"og:locale\" content=\"en_US\" \/>\n<meta property=\"og:type\" content=\"article\" \/>\n<meta property=\"og:title\" content=\"Plongeur - Restaurant Jack&#039;O\" \/>\n<meta property=\"og:description\" content=\"PLONGEUR Nature du travail Les plongeurs nettoient les postes de travail, lavent la vaisselle et ex\u00e9cutent diverses t\u00e2ches pour aider les autres [&hellip;]\" \/>\n<meta property=\"og:url\" content=\"https:\/\/zn3.23a.myftpupload.com\/plongeur\/\" \/>\n<meta property=\"og:site_name\" content=\"Restaurant Jack&#039;O\" \/>\n<meta property=\"article:publisher\" content=\"https:\/\/www.facebook.com\/restaurantsjacko\/\" \/>\n<meta property=\"article:modified_time\" content=\"2022-03-16T19:50:03+00:00\" \/>\n<meta name=\"twitter:card\" content=\"summary_large_image\" \/>\n<meta name=\"twitter:label1\" content=\"Est. reading time\" \/>\n\t<meta name=\"twitter:data1\" content=\"1 minute\" \/>\n<script type=\"application\/ld+json\" class=\"yoast-schema-graph\">{\"@context\":\"https:\\\/\\\/schema.org\",\"@graph\":[{\"@type\":\"WebPage\",\"@id\":\"https:\\\/\\\/zn3.23a.myftpupload.com\\\/plongeur\\\/\",\"url\":\"https:\\\/\\\/zn3.23a.myftpupload.com\\\/plongeur\\\/\",\"name\":\"Plongeur - Restaurant Jack&#039;O\",\"isPartOf\":{\"@id\":\"https:\\\/\\\/zn3.23a.myftpupload.com\\\/#website\"},\"datePublished\":\"2022-02-08T20:37:24+00:00\",\"dateModified\":\"2022-03-16T19:50:03+00:00\",\"breadcrumb\":{\"@id\":\"https:\\\/\\\/zn3.23a.myftpupload.com\\\/plongeur\\\/#breadcrumb\"},\"inLanguage\":\"en-US\",\"potentialAction\":[{\"@type\":\"ReadAction\",\"target\":[\"https:\\\/\\\/zn3.23a.myftpupload.com\\\/plongeur\\\/\"]}]},{\"@type\":\"BreadcrumbList\",\"@id\":\"https:\\\/\\\/zn3.23a.myftpupload.com\\\/plongeur\\\/#breadcrumb\",\"itemListElement\":[{\"@type\":\"ListItem\",\"position\":1,\"name\":\"Accueil\",\"item\":\"https:\\\/\\\/restaurantjacko.ca\\\/\"},{\"@type\":\"ListItem\",\"position\":2,\"name\":\"Plongeur\"}]},{\"@type\":\"WebSite\",\"@id\":\"https:\\\/\\\/zn3.23a.myftpupload.com\\\/#website\",\"url\":\"https:\\\/\\\/zn3.23a.myftpupload.com\\\/\",\"name\":\"Restaurant Jack'O\",\"description\":\"\u00c0 mon go\u00fbt!\",\"publisher\":{\"@id\":\"https:\\\/\\\/zn3.23a.myftpupload.com\\\/#organization\"},\"potentialAction\":[{\"@type\":\"SearchAction\",\"target\":{\"@type\":\"EntryPoint\",\"urlTemplate\":\"https:\\\/\\\/zn3.23a.myftpupload.com\\\/?s={search_term_string}\"},\"query-input\":{\"@type\":\"PropertyValueSpecification\",\"valueRequired\":true,\"valueName\":\"search_term_string\"}}],\"inLanguage\":\"en-US\"},{\"@type\":\"Organization\",\"@id\":\"https:\\\/\\\/zn3.23a.myftpupload.com\\\/#organization\",\"name\":\"Restaurant Jack'O\",\"url\":\"https:\\\/\\\/zn3.23a.myftpupload.com\\\/\",\"logo\":{\"@type\":\"ImageObject\",\"inLanguage\":\"en-US\",\"@id\":\"https:\\\/\\\/zn3.23a.myftpupload.com\\\/#\\\/schema\\\/logo\\\/image\\\/\",\"url\":\"https:\\\/\\\/restaurantjacko.ca\\\/wp-content\\\/uploads\\\/2019\\\/03\\\/JackO_logo_noir.png\",\"contentUrl\":\"https:\\\/\\\/restaurantjacko.ca\\\/wp-content\\\/uploads\\\/2019\\\/03\\\/JackO_logo_noir.png\",\"width\":2267,\"height\":1767,\"caption\":\"Restaurant Jack'O\"},\"image\":{\"@id\":\"https:\\\/\\\/zn3.23a.myftpupload.com\\\/#\\\/schema\\\/logo\\\/image\\\/\"},\"sameAs\":[\"https:\\\/\\\/www.facebook.com\\\/restaurantsjacko\\\/\",\"https:\\\/\\\/www.instagram.com\\\/restaurantjacko\\\/\"]}]}<\/script>\n<!-- \/ Yoast SEO plugin. -->","yoast_head_json":{"title":"Plongeur - Restaurant Jack&#039;O","robots":{"index":"index","follow":"follow","max-snippet":"max-snippet:-1","max-image-preview":"max-image-preview:large","max-video-preview":"max-video-preview:-1"},"canonical":"https:\/\/zn3.23a.myftpupload.com\/plongeur\/","og_locale":"en_US","og_type":"article","og_title":"Plongeur - Restaurant Jack&#039;O","og_description":"PLONGEUR Nature du travail Les plongeurs nettoient les postes de travail, lavent la vaisselle et ex\u00e9cutent diverses t\u00e2ches pour aider les autres [&hellip;]","og_url":"https:\/\/zn3.23a.myftpupload.com\/plongeur\/","og_site_name":"Restaurant Jack&#039;O","article_publisher":"https:\/\/www.facebook.com\/restaurantsjacko\/","article_modified_time":"2022-03-16T19:50:03+00:00","twitter_card":"summary_large_image","twitter_misc":{"Est. reading time":"1 minute"},"schema":{"@context":"https:\/\/schema.org","@graph":[{"@type":"WebPage","@id":"https:\/\/zn3.23a.myftpupload.com\/plongeur\/","url":"https:\/\/zn3.23a.myftpupload.com\/plongeur\/","name":"Plongeur - Restaurant Jack&#039;O","isPartOf":{"@id":"https:\/\/zn3.23a.myftpupload.com\/#website"},"datePublished":"2022-02-08T20:37:24+00:00","dateModified":"2022-03-16T19:50:03+00:00","breadcrumb":{"@id":"https:\/\/zn3.23a.myftpupload.com\/plongeur\/#breadcrumb"},"inLanguage":"en-US","potentialAction":[{"@type":"ReadAction","target":["https:\/\/zn3.23a.myftpupload.com\/plongeur\/"]}]},{"@type":"BreadcrumbList","@id":"https:\/\/zn3.23a.myftpupload.com\/plongeur\/#breadcrumb","itemListElement":[{"@type":"ListItem","position":1,"name":"Accueil","item":"https:\/\/restaurantjacko.ca\/"},{"@type":"ListItem","position":2,"name":"Plongeur"}]},{"@type":"WebSite","@id":"https:\/\/zn3.23a.myftpupload.com\/#website","url":"https:\/\/zn3.23a.myftpupload.com\/","name":"Restaurant Jack'O","description":"\u00c0 mon go\u00fbt!","publisher":{"@id":"https:\/\/zn3.23a.myftpupload.com\/#organization"},"potentialAction":[{"@type":"SearchAction","target":{"@type":"EntryPoint","urlTemplate":"https:\/\/zn3.23a.myftpupload.com\/?s={search_term_string}"},"query-input":{"@type":"PropertyValueSpecification","valueRequired":true,"valueName":"search_term_string"}}],"inLanguage":"en-US"},{"@type":"Organization","@id":"https:\/\/zn3.23a.myftpupload.com\/#organization","name":"Restaurant Jack'O","url":"https:\/\/zn3.23a.myftpupload.com\/","logo":{"@type":"ImageObject","inLanguage":"en-US","@id":"https:\/\/zn3.23a.myftpupload.com\/#\/schema\/logo\/image\/","url":"https:\/\/restaurantjacko.ca\/wp-content\/uploads\/2019\/03\/JackO_logo_noir.png","contentUrl":"https:\/\/restaurantjacko.ca\/wp-content\/uploads\/2019\/03\/JackO_logo_noir.png","width":2267,"height":1767,"caption":"Restaurant Jack'O"},"image":{"@id":"https:\/\/zn3.23a.myftpupload.com\/#\/schema\/logo\/image\/"},"sameAs":["https:\/\/www.facebook.com\/restaurantsjacko\/","https:\/\/www.instagram.com\/restaurantjacko\/"]}]}},"_links":{"self":[{"href":"https:\/\/restaurantjacko.ca\/en\/wp-json\/wp\/v2\/pages\/1521","targetHints":{"allow":["GET"]}}],"collection":[{"href":"https:\/\/restaurantjacko.ca\/en\/wp-json\/wp\/v2\/pages"}],"about":[{"href":"https:\/\/restaurantjacko.ca\/en\/wp-json\/wp\/v2\/types\/page"}],"author":[{"embeddable":true,"href":"https:\/\/restaurantjacko.ca\/en\/wp-json\/wp\/v2\/users\/4"}],"replies":[{"embeddable":true,"href":"https:\/\/restaurantjacko.ca\/en\/wp-json\/wp\/v2\/comments?post=1521"}],"version-history":[{"count":13,"href":"https:\/\/restaurantjacko.ca\/en\/wp-json\/wp\/v2\/pages\/1521\/revisions"}],"predecessor-version":[{"id":1699,"href":"https:\/\/restaurantjacko.ca\/en\/wp-json\/wp\/v2\/pages\/1521\/revisions\/1699"}],"wp:attachment":[{"href":"https:\/\/restaurantjacko.ca\/en\/wp-json\/wp\/v2\/media?parent=1521"}],"curies":[{"name":"wp","href":"https:\/\/api.w.org\/{rel}","templated":true}]}}