{"id":1529,"date":"2022-03-16T15:03:17","date_gmt":"2022-03-16T20:03:17","guid":{"rendered":"https:\/\/restaurantjacko.ca\/?page_id=1529"},"modified":"2022-03-16T15:03:20","modified_gmt":"2022-03-16T20:03:20","slug":"telephoniste","status":"publish","type":"page","link":"https:\/\/restaurantjacko.ca\/en\/telephoniste\/","title":{"rendered":"T\u00e9l\u00e9phoniste"},"content":{"rendered":"<div data-elementor-type=\"wp-page\" data-elementor-id=\"1529\" class=\"elementor elementor-1529\">\n\t\t\t\t\t\t<section class=\"elementor-section elementor-top-section elementor-element elementor-element-7706aa5f elementor-section-boxed elementor-section-height-default elementor-section-height-default\" data-id=\"7706aa5f\" data-element_type=\"section\" data-e-type=\"section\">\n\t\t\t\t\t\t<div class=\"elementor-container elementor-column-gap-default\">\n\t\t\t\t\t<div class=\"elementor-column elementor-col-100 elementor-top-column elementor-element elementor-element-525c6497\" data-id=\"525c6497\" data-element_type=\"column\" data-e-type=\"column\">\n\t\t\t<div class=\"elementor-widget-wrap elementor-element-populated\">\n\t\t\t\t\t\t<div class=\"elementor-element elementor-element-4818e3e9 elementor-align-center elementor-widget elementor-widget-button\" data-id=\"4818e3e9\" data-element_type=\"widget\" data-e-type=\"widget\" data-widget_type=\"button.default\">\n\t\t\t\t<div class=\"elementor-widget-container\">\n\t\t\t\t\t\t\t\t\t<div class=\"elementor-button-wrapper\">\n\t\t\t\t\t<a class=\"elementor-button elementor-button-link elementor-size-xl\" href=\"#\">\n\t\t\t\t\t\t<span class=\"elementor-button-content-wrapper\">\n\t\t\t\t\t\t\t\t\t<span class=\"elementor-button-text\">T\u00c9L\u00c9PHONISTE<\/span>\n\t\t\t\t\t<\/span>\n\t\t\t\t\t<\/a>\n\t\t\t\t<\/div>\n\t\t\t\t\t\t\t\t<\/div>\n\t\t\t\t<\/div>\n\t\t\t\t\t<\/div>\n\t\t<\/div>\n\t\t\t\t\t<\/div>\n\t\t<\/section>\n\t\t\t\t<section class=\"elementor-section elementor-top-section elementor-element elementor-element-15ce89c6 elementor-section-boxed elementor-section-height-default elementor-section-height-default\" data-id=\"15ce89c6\" data-element_type=\"section\" data-e-type=\"section\">\n\t\t\t\t\t\t<div class=\"elementor-container elementor-column-gap-default\">\n\t\t\t\t\t<div class=\"elementor-column elementor-col-100 elementor-top-column elementor-element elementor-element-7affb0ea\" data-id=\"7affb0ea\" data-element_type=\"column\" data-e-type=\"column\">\n\t\t\t<div class=\"elementor-widget-wrap elementor-element-populated\">\n\t\t\t\t\t\t<div class=\"elementor-element elementor-element-21a1d33a elementor-widget elementor-widget-spacer\" data-id=\"21a1d33a\" data-element_type=\"widget\" data-e-type=\"widget\" data-widget_type=\"spacer.default\">\n\t\t\t\t<div class=\"elementor-widget-container\">\n\t\t\t\t\t\t\t<div class=\"elementor-spacer\">\n\t\t\t<div class=\"elementor-spacer-inner\"><\/div>\n\t\t<\/div>\n\t\t\t\t\t\t<\/div>\n\t\t\t\t<\/div>\n\t\t\t\t<div class=\"elementor-element elementor-element-4efecb7a elementor-widget elementor-widget-heading\" data-id=\"4efecb7a\" data-element_type=\"widget\" data-e-type=\"widget\" data-widget_type=\"heading.default\">\n\t\t\t\t<div class=\"elementor-widget-container\">\n\t\t\t\t\t<h3 class=\"elementor-heading-title elementor-size-default\">Nature du travail<\/h3>\t\t\t\t<\/div>\n\t\t\t\t<\/div>\n\t\t\t\t<div class=\"elementor-element elementor-element-493c8ca1 elementor-widget elementor-widget-text-editor\" data-id=\"493c8ca1\" data-element_type=\"widget\" data-e-type=\"widget\" data-widget_type=\"text-editor.default\">\n\t\t\t\t<div class=\"elementor-widget-container\">\n\t\t\t\t\t\t\t\t\t<p>Les t\u00e9l\u00e9phonistes accueillent les clients au comptoir et re\u00e7oivent les commandes t\u00e9l\u00e9phoniques des clients. Ils peuvent \u00e9galement ex\u00e9cuter diverses t\u00e2ches pour aider les autres employ\u00e9s de la salle \u00e0 manger.<\/p>\t\t\t\t\t\t\t\t<\/div>\n\t\t\t\t<\/div>\n\t\t\t\t<div class=\"elementor-element elementor-element-5b2ba2a8 elementor-widget elementor-widget-spacer\" data-id=\"5b2ba2a8\" data-element_type=\"widget\" data-e-type=\"widget\" data-widget_type=\"spacer.default\">\n\t\t\t\t<div class=\"elementor-widget-container\">\n\t\t\t\t\t\t\t<div class=\"elementor-spacer\">\n\t\t\t<div class=\"elementor-spacer-inner\"><\/div>\n\t\t<\/div>\n\t\t\t\t\t\t<\/div>\n\t\t\t\t<\/div>\n\t\t\t\t<div class=\"elementor-element elementor-element-108d6164 elementor-widget elementor-widget-heading\" data-id=\"108d6164\" data-element_type=\"widget\" data-e-type=\"widget\" data-widget_type=\"heading.default\">\n\t\t\t\t<div class=\"elementor-widget-container\">\n\t\t\t\t\t<h3 class=\"elementor-heading-title elementor-size-default\">Fonctions principales du poste<\/h3>\t\t\t\t<\/div>\n\t\t\t\t<\/div>\n\t\t\t\t<div class=\"elementor-element elementor-element-3e0defab elementor-widget elementor-widget-text-editor\" data-id=\"3e0defab\" data-element_type=\"widget\" data-e-type=\"widget\" data-widget_type=\"text-editor.default\">\n\t\t\t\t<div class=\"elementor-widget-container\">\n\t\t\t\t\t\t\t\t\t<ul><li>Avoir une apparence professionnelle;<\/li><li>Appliquer les r\u00e8gles d&rsquo;hygi\u00e8ne et de salubrit\u00e9;<\/li><li>Appliquer les r\u00e8gles de s\u00e9curit\u00e9;<\/li><li>S&rsquo;assurer de la propret\u00e9 constante de son poste de travail;<\/li><li>Organiser efficacement son poste de travail et son travail;<\/li><li>Accueillir les clients au comptoir;<\/li><li>Prendre les commandes pour emporter et de livraison et les transmettre au personnel de cuisine.<\/li><li>Servir des repas pour emporter et assurer un service de qualit\u00e9 tout en respectant les r\u00e8gles protocolaires;<\/li><li>Facturer les repas pour emporter, encaisser des sommes d&rsquo;argent, balancer les transactions financi\u00e8res de la journ\u00e9e;<\/li><li>Ex\u00e9cuter toutes autres t\u00e2ches demand\u00e9es par le responsable.<\/li><\/ul><p><style>\n<!-- \/* Style Definitions *\/ p.MsoNormal, li.MsoNormal, div.MsoNormal {mso-style-unhide:no; mso-style-qformat:yes; mso-style-parent:\"\"; margin:0cm; mso-pagination:widow-orphan; font-size:12.0pt; font-family:\"Calibri\",sans-serif; mso-ascii-font-family:Calibri; mso-ascii-theme-font:minor-latin; mso-fareast-font-family:Calibri; mso-fareast-theme-font:minor-latin; mso-hansi-font-family:Calibri; mso-hansi-theme-font:minor-latin; mso-bidi-font-family:\"Times New Roman\"; mso-bidi-theme-font:minor-bidi; mso-ansi-language:FR; mso-fareast-language:EN-US; mso-no-proof:yes;} .MsoChpDefault {mso-style-type:export-only; mso-default-props:yes; font-family:\"Calibri\",sans-serif; mso-ascii-font-family:Calibri; mso-ascii-theme-font:minor-latin; mso-fareast-font-family:Calibri; mso-fareast-theme-font:minor-latin; mso-hansi-font-family:Calibri; mso-hansi-theme-font:minor-latin; mso-bidi-font-family:\"Times New Roman\"; mso-bidi-theme-font:minor-bidi; mso-ansi-language:FR; mso-fareast-language:EN-US;} @page WordSection1 {size:612.0pt 792.0pt; margin:72.0pt 90.0pt 72.0pt 90.0pt; mso-header-margin:36.0pt; mso-footer-margin:36.0pt; mso-paper-source:0;} div.WordSection1 {page:WordSection1;} \/* List Definitions *\/ @list l0 {mso-list-id:1437676259; mso-list-type:hybrid; mso-list-template-ids:-426240462 -1194529942 202113027 202113029 202113025 202113027 202113029 202113025 202113027 202113029;} @list l0:level1 {mso-level-number-format:bullet; mso-level-text:\uf0b7; mso-level-tab-stop:none; mso-level-number-position:left; text-indent:-18.0pt; font-family:Symbol; mso-fareast-font-family:Calibri; mso-fareast-theme-font:minor-latin; mso-bidi-font-family:\"Times New Roman\"; mso-bidi-theme-font:minor-bidi;} @list l0:level2 {mso-level-number-format:bullet; mso-level-text:o; mso-level-tab-stop:none; mso-level-number-position:left; text-indent:-18.0pt; font-family:\"Courier New\";} @list l0:level3 {mso-level-number-format:bullet; mso-level-text:\uf0a7; mso-level-tab-stop:none; mso-level-number-position:left; text-indent:-18.0pt; font-family:Wingdings;} @list l0:level4 {mso-level-number-format:bullet; mso-level-text:\uf0b7; mso-level-tab-stop:none; mso-level-number-position:left; text-indent:-18.0pt; font-family:Symbol;} @list l0:level5 {mso-level-number-format:bullet; mso-level-text:o; mso-level-tab-stop:none; mso-level-number-position:left; text-indent:-18.0pt; font-family:\"Courier New\";} @list l0:level6 {mso-level-number-format:bullet; mso-level-text:\uf0a7; mso-level-tab-stop:none; mso-level-number-position:left; text-indent:-18.0pt; font-family:Wingdings;} @list l0:level7 {mso-level-number-format:bullet; mso-level-text:\uf0b7; mso-level-tab-stop:none; mso-level-number-position:left; text-indent:-18.0pt; font-family:Symbol;} @list l0:level8 {mso-level-number-format:bullet; mso-level-text:o; mso-level-tab-stop:none; mso-level-number-position:left; text-indent:-18.0pt; font-family:\"Courier New\";} @list l0:level9 {mso-level-number-format:bullet; mso-level-text:\uf0a7; mso-level-tab-stop:none; mso-level-number-position:left; text-indent:-18.0pt; font-family:Wingdings;} --><br \/><\/style><\/p>\t\t\t\t\t\t\t\t<\/div>\n\t\t\t\t<\/div>\n\t\t\t\t<div class=\"elementor-element elementor-element-4b6d39e4 elementor-widget elementor-widget-spacer\" data-id=\"4b6d39e4\" data-element_type=\"widget\" data-e-type=\"widget\" data-widget_type=\"spacer.default\">\n\t\t\t\t<div class=\"elementor-widget-container\">\n\t\t\t\t\t\t\t<div class=\"elementor-spacer\">\n\t\t\t<div class=\"elementor-spacer-inner\"><\/div>\n\t\t<\/div>\n\t\t\t\t\t\t<\/div>\n\t\t\t\t<\/div>\n\t\t\t\t<div class=\"elementor-element elementor-element-37bb8b63 elementor-widget elementor-widget-heading\" data-id=\"37bb8b63\" data-element_type=\"widget\" data-e-type=\"widget\" data-widget_type=\"heading.default\">\n\t\t\t\t<div class=\"elementor-widget-container\">\n\t\t\t\t\t<h3 class=\"elementor-heading-title elementor-size-default\">Comp\u00e9tences et qualit\u00e9s recherch\u00e9es<\/h3>\t\t\t\t<\/div>\n\t\t\t\t<\/div>\n\t\t\t\t<div class=\"elementor-element elementor-element-6ae08d9d elementor-widget elementor-widget-text-editor\" data-id=\"6ae08d9d\" data-element_type=\"widget\" data-e-type=\"widget\" data-widget_type=\"text-editor.default\">\n\t\t\t\t<div class=\"elementor-widget-container\">\n\t\t\t\t\t\t\t\t\t<ul><li>La capacit\u00e9 de travailler en \u00e9quipe et de suivre le rythme de production.<\/li><li>Le sens du d\u00e9tail et de la compr\u00e9hension rapide des donn\u00e9es.<\/li><li>Une bonne habilet\u00e9 manuelle.<\/li><\/ul>\t\t\t\t\t\t\t\t<\/div>\n\t\t\t\t<\/div>\n\t\t\t\t\t<\/div>\n\t\t<\/div>\n\t\t\t\t\t<\/div>\n\t\t<\/section>\n\t\t\t\t<\/div>","protected":false},"excerpt":{"rendered":"<p>T\u00c9L\u00c9PHONISTE Nature du travail Les t\u00e9l\u00e9phonistes accueillent les clients au comptoir et re\u00e7oivent les commandes t\u00e9l\u00e9phoniques des clients. Ils peuvent \u00e9galement ex\u00e9cuter [&hellip;]<\/p>\n","protected":false},"author":4,"featured_media":0,"parent":0,"menu_order":0,"comment_status":"closed","ping_status":"closed","template":"elementor_header_footer","meta":{"_exactmetrics_skip_tracking":false,"_exactmetrics_sitenote_active":false,"_exactmetrics_sitenote_note":"","_exactmetrics_sitenote_category":0,"footnotes":""},"class_list":["post-1529","page","type-page","status-publish","hentry"],"yoast_head":"<!-- This site is optimized with the Yoast SEO plugin v27.5 - https:\/\/yoast.com\/product\/yoast-seo-wordpress\/ -->\n<title>T\u00e9l\u00e9phoniste - Restaurant Jack&#039;O<\/title>\n<meta name=\"robots\" content=\"index, follow, max-snippet:-1, max-image-preview:large, max-video-preview:-1\" \/>\n<link rel=\"canonical\" href=\"https:\/\/zn3.23a.myftpupload.com\/telephoniste\/\" \/>\n<meta property=\"og:locale\" content=\"en_US\" \/>\n<meta property=\"og:type\" content=\"article\" \/>\n<meta property=\"og:title\" content=\"T\u00e9l\u00e9phoniste - Restaurant Jack&#039;O\" \/>\n<meta property=\"og:description\" content=\"T\u00c9L\u00c9PHONISTE Nature du travail Les t\u00e9l\u00e9phonistes accueillent les clients au comptoir et re\u00e7oivent les commandes t\u00e9l\u00e9phoniques des clients. Ils peuvent \u00e9galement ex\u00e9cuter [&hellip;]\" \/>\n<meta property=\"og:url\" content=\"https:\/\/zn3.23a.myftpupload.com\/telephoniste\/\" \/>\n<meta property=\"og:site_name\" content=\"Restaurant Jack&#039;O\" \/>\n<meta property=\"article:publisher\" content=\"https:\/\/www.facebook.com\/restaurantsjacko\/\" \/>\n<meta property=\"article:modified_time\" content=\"2022-03-16T20:03:20+00:00\" \/>\n<meta name=\"twitter:card\" content=\"summary_large_image\" \/>\n<meta name=\"twitter:label1\" content=\"Est. reading time\" \/>\n\t<meta name=\"twitter:data1\" content=\"1 minute\" \/>\n<script type=\"application\/ld+json\" class=\"yoast-schema-graph\">{\"@context\":\"https:\\\/\\\/schema.org\",\"@graph\":[{\"@type\":\"WebPage\",\"@id\":\"https:\\\/\\\/zn3.23a.myftpupload.com\\\/telephoniste\\\/\",\"url\":\"https:\\\/\\\/zn3.23a.myftpupload.com\\\/telephoniste\\\/\",\"name\":\"T\u00e9l\u00e9phoniste - Restaurant Jack&#039;O\",\"isPartOf\":{\"@id\":\"https:\\\/\\\/zn3.23a.myftpupload.com\\\/#website\"},\"datePublished\":\"2022-03-16T20:03:17+00:00\",\"dateModified\":\"2022-03-16T20:03:20+00:00\",\"breadcrumb\":{\"@id\":\"https:\\\/\\\/zn3.23a.myftpupload.com\\\/telephoniste\\\/#breadcrumb\"},\"inLanguage\":\"en-US\",\"potentialAction\":[{\"@type\":\"ReadAction\",\"target\":[\"https:\\\/\\\/zn3.23a.myftpupload.com\\\/telephoniste\\\/\"]}]},{\"@type\":\"BreadcrumbList\",\"@id\":\"https:\\\/\\\/zn3.23a.myftpupload.com\\\/telephoniste\\\/#breadcrumb\",\"itemListElement\":[{\"@type\":\"ListItem\",\"position\":1,\"name\":\"Accueil\",\"item\":\"https:\\\/\\\/restaurantjacko.ca\\\/\"},{\"@type\":\"ListItem\",\"position\":2,\"name\":\"T\u00e9l\u00e9phoniste\"}]},{\"@type\":\"WebSite\",\"@id\":\"https:\\\/\\\/zn3.23a.myftpupload.com\\\/#website\",\"url\":\"https:\\\/\\\/zn3.23a.myftpupload.com\\\/\",\"name\":\"Restaurant Jack'O\",\"description\":\"\u00c0 mon go\u00fbt!\",\"publisher\":{\"@id\":\"https:\\\/\\\/zn3.23a.myftpupload.com\\\/#organization\"},\"potentialAction\":[{\"@type\":\"SearchAction\",\"target\":{\"@type\":\"EntryPoint\",\"urlTemplate\":\"https:\\\/\\\/zn3.23a.myftpupload.com\\\/?s={search_term_string}\"},\"query-input\":{\"@type\":\"PropertyValueSpecification\",\"valueRequired\":true,\"valueName\":\"search_term_string\"}}],\"inLanguage\":\"en-US\"},{\"@type\":\"Organization\",\"@id\":\"https:\\\/\\\/zn3.23a.myftpupload.com\\\/#organization\",\"name\":\"Restaurant Jack'O\",\"url\":\"https:\\\/\\\/zn3.23a.myftpupload.com\\\/\",\"logo\":{\"@type\":\"ImageObject\",\"inLanguage\":\"en-US\",\"@id\":\"https:\\\/\\\/zn3.23a.myftpupload.com\\\/#\\\/schema\\\/logo\\\/image\\\/\",\"url\":\"https:\\\/\\\/restaurantjacko.ca\\\/wp-content\\\/uploads\\\/2019\\\/03\\\/JackO_logo_noir.png\",\"contentUrl\":\"https:\\\/\\\/restaurantjacko.ca\\\/wp-content\\\/uploads\\\/2019\\\/03\\\/JackO_logo_noir.png\",\"width\":2267,\"height\":1767,\"caption\":\"Restaurant Jack'O\"},\"image\":{\"@id\":\"https:\\\/\\\/zn3.23a.myftpupload.com\\\/#\\\/schema\\\/logo\\\/image\\\/\"},\"sameAs\":[\"https:\\\/\\\/www.facebook.com\\\/restaurantsjacko\\\/\",\"https:\\\/\\\/www.instagram.com\\\/restaurantjacko\\\/\"]}]}<\/script>\n<!-- \/ Yoast SEO plugin. -->","yoast_head_json":{"title":"T\u00e9l\u00e9phoniste - Restaurant Jack&#039;O","robots":{"index":"index","follow":"follow","max-snippet":"max-snippet:-1","max-image-preview":"max-image-preview:large","max-video-preview":"max-video-preview:-1"},"canonical":"https:\/\/zn3.23a.myftpupload.com\/telephoniste\/","og_locale":"en_US","og_type":"article","og_title":"T\u00e9l\u00e9phoniste - Restaurant Jack&#039;O","og_description":"T\u00c9L\u00c9PHONISTE Nature du travail Les t\u00e9l\u00e9phonistes accueillent les clients au comptoir et re\u00e7oivent les commandes t\u00e9l\u00e9phoniques des clients. Ils peuvent \u00e9galement ex\u00e9cuter [&hellip;]","og_url":"https:\/\/zn3.23a.myftpupload.com\/telephoniste\/","og_site_name":"Restaurant Jack&#039;O","article_publisher":"https:\/\/www.facebook.com\/restaurantsjacko\/","article_modified_time":"2022-03-16T20:03:20+00:00","twitter_card":"summary_large_image","twitter_misc":{"Est. reading time":"1 minute"},"schema":{"@context":"https:\/\/schema.org","@graph":[{"@type":"WebPage","@id":"https:\/\/zn3.23a.myftpupload.com\/telephoniste\/","url":"https:\/\/zn3.23a.myftpupload.com\/telephoniste\/","name":"T\u00e9l\u00e9phoniste - Restaurant Jack&#039;O","isPartOf":{"@id":"https:\/\/zn3.23a.myftpupload.com\/#website"},"datePublished":"2022-03-16T20:03:17+00:00","dateModified":"2022-03-16T20:03:20+00:00","breadcrumb":{"@id":"https:\/\/zn3.23a.myftpupload.com\/telephoniste\/#breadcrumb"},"inLanguage":"en-US","potentialAction":[{"@type":"ReadAction","target":["https:\/\/zn3.23a.myftpupload.com\/telephoniste\/"]}]},{"@type":"BreadcrumbList","@id":"https:\/\/zn3.23a.myftpupload.com\/telephoniste\/#breadcrumb","itemListElement":[{"@type":"ListItem","position":1,"name":"Accueil","item":"https:\/\/restaurantjacko.ca\/"},{"@type":"ListItem","position":2,"name":"T\u00e9l\u00e9phoniste"}]},{"@type":"WebSite","@id":"https:\/\/zn3.23a.myftpupload.com\/#website","url":"https:\/\/zn3.23a.myftpupload.com\/","name":"Restaurant Jack'O","description":"\u00c0 mon go\u00fbt!","publisher":{"@id":"https:\/\/zn3.23a.myftpupload.com\/#organization"},"potentialAction":[{"@type":"SearchAction","target":{"@type":"EntryPoint","urlTemplate":"https:\/\/zn3.23a.myftpupload.com\/?s={search_term_string}"},"query-input":{"@type":"PropertyValueSpecification","valueRequired":true,"valueName":"search_term_string"}}],"inLanguage":"en-US"},{"@type":"Organization","@id":"https:\/\/zn3.23a.myftpupload.com\/#organization","name":"Restaurant Jack'O","url":"https:\/\/zn3.23a.myftpupload.com\/","logo":{"@type":"ImageObject","inLanguage":"en-US","@id":"https:\/\/zn3.23a.myftpupload.com\/#\/schema\/logo\/image\/","url":"https:\/\/restaurantjacko.ca\/wp-content\/uploads\/2019\/03\/JackO_logo_noir.png","contentUrl":"https:\/\/restaurantjacko.ca\/wp-content\/uploads\/2019\/03\/JackO_logo_noir.png","width":2267,"height":1767,"caption":"Restaurant Jack'O"},"image":{"@id":"https:\/\/zn3.23a.myftpupload.com\/#\/schema\/logo\/image\/"},"sameAs":["https:\/\/www.facebook.com\/restaurantsjacko\/","https:\/\/www.instagram.com\/restaurantjacko\/"]}]}},"_links":{"self":[{"href":"https:\/\/restaurantjacko.ca\/en\/wp-json\/wp\/v2\/pages\/1529","targetHints":{"allow":["GET"]}}],"collection":[{"href":"https:\/\/restaurantjacko.ca\/en\/wp-json\/wp\/v2\/pages"}],"about":[{"href":"https:\/\/restaurantjacko.ca\/en\/wp-json\/wp\/v2\/types\/page"}],"author":[{"embeddable":true,"href":"https:\/\/restaurantjacko.ca\/en\/wp-json\/wp\/v2\/users\/4"}],"replies":[{"embeddable":true,"href":"https:\/\/restaurantjacko.ca\/en\/wp-json\/wp\/v2\/comments?post=1529"}],"version-history":[{"count":16,"href":"https:\/\/restaurantjacko.ca\/en\/wp-json\/wp\/v2\/pages\/1529\/revisions"}],"predecessor-version":[{"id":1708,"href":"https:\/\/restaurantjacko.ca\/en\/wp-json\/wp\/v2\/pages\/1529\/revisions\/1708"}],"wp:attachment":[{"href":"https:\/\/restaurantjacko.ca\/en\/wp-json\/wp\/v2\/media?parent=1529"}],"curies":[{"name":"wp","href":"https:\/\/api.w.org\/{rel}","templated":true}]}}